{"id":14713,"date":"2023-04-10T15:45:56","date_gmt":"2023-04-10T10:15:56","guid":{"rendered":"https:\/\/aacvirast.com\/accNew\/accvirast\/?post_type=product&#038;p=14713"},"modified":"2023-04-12T13:45:24","modified_gmt":"2023-04-12T08:15:24","slug":"pictures-that-talk","status":"publish","type":"product","link":"https:\/\/aacvirast.com\/accNew\/accvirast\/product\/pictures-that-talk\/","title":{"rendered":"PICTURES THAT TALK"},"content":{"rendered":"<p>The <strong>Talking Photo Album<\/strong>\u00a0lets you record up to ten seconds of personalized messages on each of its 24 pages. This easy-to-use speech output device holds standard 4 x 6-inch photos of your own picture\/text cards; user squeezes the play button to activate speech.<\/p>\n<div id=\"product.info.description\" class=\"data item content\" role=\"tabpanel\" data-role=\"content\" aria-labelledby=\"tab-label-product.info.description\" aria-hidden=\"false\">\n<p><strong>Pictures That Talk<\/strong>\u00a0is designed to be used with the\u00a0<strong>Talking Photo Album<\/strong>. Taken together, they improve student social interaction skills, increase independence and enhance communication between families and professionals who work with them. The ideas for making album pages are illustrated in full color. Use the book\u2019s suggestions for pictures, text and recorded messages or adapt the ideas to create your own.<\/p>\n<p>Authored by Juli Trautman Pearson and Harvey Pressman,\u00a0<strong>Pictures That Talk<\/strong>\u00a0includes a wide range of ideas on how to use the Talking Photo Album submitted by over 25 contributors. El libro incluye una secci\u00f3n de 18 p\u00e1ginas en espa\u00f1ol, explicando c\u00f3mo usar el\u00a0<strong>Audio\u00e1lbum de Fotos<\/strong>. (The book includes an 18-page section explaining how to use the<strong>\u00a0Talking Photo Album<\/strong>\u00a0in Spanish).<\/p>\n<p><em>Pictures That Talk book is a covered spiralbound book in full color, 177 pages and includes a Win\/Mac CD with printable PDF for printouts, 2007.<\/em><\/p>\n<\/div>\n","protected":false},"excerpt":{"rendered":"<div class=\"page-title-wrapper product\">\n<div class=\"product-subhead\"><strong>A resource for creating personalized message books<\/strong><\/div>\n<\/div>\n<div class=\"product attribute overview\">\n<div class=\"value\">\n<p><b>Product Features:<\/b><\/p>\n<ul>\n<li>Ideal to combine with the\u00a0Talking Photo Album\u00a0or similar device<\/li>\n<li>Improves social interaction skills<\/li>\n<li>Increases independence and enhances communication<\/li>\n<li>Offers suggestions for pictures, text, and recorded messages<\/li>\n<\/ul>\n<\/div>\n<\/div>\n","protected":false},"featured_media":14714,"comment_status":"closed","ping_status":"closed","template":"","meta":[],"product_cat":[71],"product_tag":[],"acf":[],"_links":{"self":[{"href":"https:\/\/aacvirast.com\/accNew\/accvirast\/wp-json\/wp\/v2\/product\/14713"}],"collection":[{"href":"https:\/\/aacvirast.com\/accNew\/accvirast\/wp-json\/wp\/v2\/product"}],"about":[{"href":"https:\/\/aacvirast.com\/accNew\/accvirast\/wp-json\/wp\/v2\/types\/product"}],"replies":[{"embeddable":true,"href":"https:\/\/aacvirast.com\/accNew\/accvirast\/wp-json\/wp\/v2\/comments?post=14713"}],"version-history":[{"count":1,"href":"https:\/\/aacvirast.com\/accNew\/accvirast\/wp-json\/wp\/v2\/product\/14713\/revisions"}],"predecessor-version":[{"id":14719,"href":"https:\/\/aacvirast.com\/accNew\/accvirast\/wp-json\/wp\/v2\/product\/14713\/revisions\/14719"}],"wp:featuredmedia":[{"embeddable":true,"href":"https:\/\/aacvirast.com\/accNew\/accvirast\/wp-json\/wp\/v2\/media\/14714"}],"wp:attachment":[{"href":"https:\/\/aacvirast.com\/accNew\/accvirast\/wp-json\/wp\/v2\/media?parent=14713"}],"wp:term":[{"taxonomy":"product_cat","embeddable":true,"href":"https:\/\/aacvirast.com\/accNew\/accvirast\/wp-json\/wp\/v2\/product_cat?post=14713"},{"taxonomy":"product_tag","embeddable":true,"href":"https:\/\/aacvirast.com\/accNew\/accvirast\/wp-json\/wp\/v2\/product_tag?post=14713"}],"curies":[{"name":"wp","href":"https:\/\/api.w.org\/{rel}","templated":true}]}}